{"id":9,"date":"2022-04-13T12:36:52","date_gmt":"2022-04-13T10:36:52","guid":{"rendered":"http:\/\/cmc94.fr\/?page_id=9"},"modified":"2022-05-17T12:12:26","modified_gmt":"2022-05-17T10:12:26","slug":"a-propos-de","status":"publish","type":"page","link":"https:\/\/cmc94.fr\/index.php\/a-propos-de\/","title":{"rendered":"\u00c0 propos de"},"content":{"rendered":"\n<p>Le Collectif CMC (Collectif des Musulmans Campinois) est un nouveau collectif qui a vu le jour au d\u00e9but de l&#8217;ann\u00e9e 2022.<br>Ce Collectif compos\u00e9 des 3 principales associations de culte musulman dans la ville de Champigny sur marne : <br>&#8211; L&#8217;association El Amin <br>&#8211; L&#8217;association Echange et actions <br>Et l&#8217;association AMC <br>aura la tache avec la collaborations des Campinois, d&#8217;autres acteurs associatif et la municipalit\u00e9  de r\u00e9aliser le projet d&#8217;une nouvelle mosqu\u00e9e. <\/p>\n","protected":false},"excerpt":{"rendered":"<p>Le Collectif CMC (Collectif des Musulmans Campinois) est un nouveau collectif qui a vu le jour au d\u00e9but de l&#8217;ann\u00e9e 2022.Ce Collectif compos\u00e9 des 3 principales associations de culte musulman dans la ville de Champigny sur marne : &#8211; L&#8217;association El Amin &#8211; L&#8217;association Echange et actions Et l&#8217;association AMC aura la tache avec la &hellip; <\/p>\n<p class=\"link-more\"><a href=\"https:\/\/cmc94.fr\/index.php\/a-propos-de\/\" class=\"more-link\">Continue reading<span class=\"screen-reader-text\"> &#8220;\u00c0 propos de&#8221;<\/span><\/a><\/p>\n","protected":false},"author":1,"featured_media":0,"parent":0,"menu_order":0,"comment_status":"closed","ping_status":"closed","template":"","meta":{"inline_featured_image":false,"footnotes":""},"class_list":["post-9","page","type-page","status-publish","hentry"],"_links":{"self":[{"href":"https:\/\/cmc94.fr\/index.php\/wp-json\/wp\/v2\/pages\/9","targetHints":{"allow":["GET"]}}],"collection":[{"href":"https:\/\/cmc94.fr\/index.php\/wp-json\/wp\/v2\/pages"}],"about":[{"href":"https:\/\/cmc94.fr\/index.php\/wp-json\/wp\/v2\/types\/page"}],"author":[{"embeddable":true,"href":"https:\/\/cmc94.fr\/index.php\/wp-json\/wp\/v2\/users\/1"}],"replies":[{"embeddable":true,"href":"https:\/\/cmc94.fr\/index.php\/wp-json\/wp\/v2\/comments?post=9"}],"version-history":[{"count":3,"href":"https:\/\/cmc94.fr\/index.php\/wp-json\/wp\/v2\/pages\/9\/revisions"}],"predecessor-version":[{"id":127,"href":"https:\/\/cmc94.fr\/index.php\/wp-json\/wp\/v2\/pages\/9\/revisions\/127"}],"wp:attachment":[{"href":"https:\/\/cmc94.fr\/index.php\/wp-json\/wp\/v2\/media?parent=9"}],"curies":[{"name":"wp","href":"https:\/\/api.w.org\/{rel}","templated":true}]}}